{"id":113,"date":"2023-07-26T22:17:14","date_gmt":"2023-07-26T20:17:14","guid":{"rendered":"http:\/\/herning-vinterbadeklub.dk\/?page_id=113"},"modified":"2025-03-24T19:26:40","modified_gmt":"2025-03-24T18:26:40","slug":"vedtaegter","status":"publish","type":"page","link":"https:\/\/herning-vinterbadeklub.dk\/?page_id=113","title":{"rendered":"Ordensregler for Sauna"},"content":{"rendered":"\n<ul class=\"wp-block-list\">\n<li>G\u00e5 altid i vandet f\u00f8r du g\u00e5r i sauna.<\/li>\n\n\n\n<li>Forrummet m\u00e5 ikke benyttes til omkl\u00e6dning, og m\u00e5 kun benyttes til opbevaring af<br>personlige genstande.<\/li>\n\n\n\n<li>Brug af sauna og forrum skal foreg\u00e5 tild\u00e6kket i alle tidsrum p\u00e5 n\u00e6r de \u201dgule\u201d tider,<br>hvor tild\u00e6kning er valgfri.<\/li>\n\n\n\n<li>Tild\u00e6kket er fuldt badet\u00f8j eller h\u00e5ndkl\u00e6de om kropsdele, der normalt er tild\u00e6kket af<br>badet\u00f8j hos kvinder og m\u00e6nd.<\/li>\n\n\n\n<li>Der skal altid benyttes siddeunderlag.<\/li>\n\n\n\n<li>Intet fodt\u00f8j er tilladt i saunaen, dog er badesandaler undtaget.<\/li>\n\n\n\n<li>Respekter andres sproglige- og intimitets gr\u00e6nser.<\/li>\n\n\n\n<li>Der m\u00e5 ikke bruges olier eller dufte i saunaen.<\/li>\n\n\n\n<li>Der m\u00e5 ikke st\u00e6nkes eller h\u00e6ldes vand p\u00e5 saunaovnen.<\/li>\n\n\n\n<li>Under s\u00e6rlige arrangementer kan der afvikles saunagus. Det skal udf\u00f8res af en uddannet gus mester i forhold til materialer og retningslinjer for brug, udluftning osv.<br>Det skal tydeligg\u00f8res overfor alle brugere, n\u00e5r der afvikles saunagus. Dette g\u00f8res<br>via en mail til <a href=\"mailto:detblaarum@herning.dk\">detblaarum@herning.dk<\/a> for godkendelse af arrangementet, og<br>herefter bliver andre brugene informeret gennem infosk\u00e6rmen.<\/li>\n\n\n\n<li>Alle opfordres generelt til at holde sig orienteret om s\u00e6r arrangementer i saunaen og<br>Det Bl\u00e5 Rum, lukninger mv. p\u00e5 infosk\u00e6rmen, der er placeret ved hovedindgangen.<\/li>\n\n\n\n<li>Det er tilladt for foreningerne i Det Bl\u00e5 Rum at ops\u00e6tte opslag i deres dertil anviste rammer. Derudover er det ikke tilladt at ops\u00e6tte opslag i og omkring Det Bl\u00e5 Rum<br>og heller ikke ved saunaen.<\/li>\n\n\n\n<li>Rygning og indtagelse af alkohol er ikke tilladt ved Det Bl\u00e5 Rum og heller ikke i<br>saunaen.<\/li>\n\n\n\n<li>Glas\/glasflasker og madvarer m\u00e5 ikke medbringes i saunaen.<br><\/li>\n<\/ul>\n\n\n\n<p>Er det sp\u00f8rgsm\u00e5l omkring Det Bl\u00e5 Rum, kan der rettes henvendelse til Herning<br>Sv\u00f8mmehal p\u00e5 <a href=\"mailto:detblaarum@herning.dk\">detblaarum@herning.dk<\/a>.<br>Overholdes ordensreglerne ikke, vil dette medf\u00f8re bortvisning.<\/p>\n\n\n\n<p><\/p>\n","protected":false},"excerpt":{"rendered":"<p>Er det sp\u00f8rgsm\u00e5l omkring Det Bl\u00e5 Rum, kan der rettes henvendelse til HerningSv\u00f8mmehal p\u00e5 detblaarum@herning.dk.Overholdes ordensreglerne ikke, vil dette medf\u00f8re bortvisning.<\/p>\n","protected":false},"author":1,"featured_media":0,"parent":0,"menu_order":0,"comment_status":"closed","ping_status":"closed","template":"","meta":{"inspiro_hide_title":false,"footnotes":""},"class_list":["post-113","page","type-page","status-publish","hentry"],"publishpress_future_action":{"enabled":false,"date":"2026-05-06 20:49:15","action":"change-status","newStatus":"draft","terms":[],"taxonomy":"","extraData":[]},"publishpress_future_workflow_manual_trigger":{"enabledWorkflows":[]},"_links":{"self":[{"href":"https:\/\/herning-vinterbadeklub.dk\/index.php?rest_route=\/wp\/v2\/pages\/113","targetHints":{"allow":["GET"]}}],"collection":[{"href":"https:\/\/herning-vinterbadeklub.dk\/index.php?rest_route=\/wp\/v2\/pages"}],"about":[{"href":"https:\/\/herning-vinterbadeklub.dk\/index.php?rest_route=\/wp\/v2\/types\/page"}],"author":[{"embeddable":true,"href":"https:\/\/herning-vinterbadeklub.dk\/index.php?rest_route=\/wp\/v2\/users\/1"}],"replies":[{"embeddable":true,"href":"https:\/\/herning-vinterbadeklub.dk\/index.php?rest_route=%2Fwp%2Fv2%2Fcomments&post=113"}],"version-history":[{"count":5,"href":"https:\/\/herning-vinterbadeklub.dk\/index.php?rest_route=\/wp\/v2\/pages\/113\/revisions"}],"predecessor-version":[{"id":429,"href":"https:\/\/herning-vinterbadeklub.dk\/index.php?rest_route=\/wp\/v2\/pages\/113\/revisions\/429"}],"wp:attachment":[{"href":"https:\/\/herning-vinterbadeklub.dk\/index.php?rest_route=%2Fwp%2Fv2%2Fmedia&parent=113"}],"curies":[{"name":"wp","href":"https:\/\/api.w.org\/{rel}","templated":true}]}}