{"id":95,"date":"2023-04-23T19:27:05","date_gmt":"2023-04-23T17:27:05","guid":{"rendered":"http:\/\/herning-vinterbadeklub.dk\/?page_id=95"},"modified":"2025-02-13T16:36:35","modified_gmt":"2025-02-13T15:36:35","slug":"95-2","status":"publish","type":"page","link":"https:\/\/herning-vinterbadeklub.dk\/?page_id=95","title":{"rendered":"Om Herning Vinterbadeklub"},"content":{"rendered":"\n<h2>I Herning Vinterbadeklub er det valgfrit om man har badet\u00f8j p\u00e5 eller ej \u2013 men i saunaen skal man v\u00e6re tild\u00e6kket enten med badet\u00f8j eller et h\u00e5ndkl\u00e6de.<BR>Klubben er opst\u00e5et ud fra et behov om ovenst\u00e5ende og blev stiftet 12. Juni 2022. Vi arbejder stadig for at man skal v\u00e6re tild\u00e6kket i saunaen i s\u00e5 meget tid som muligt, da der kan v\u00e6re mange grunde til at medlemmerne ikke \u00f8nsker at v\u00e6re n\u00f8gne i det offentlige rum.<BR>Hos os er der plads til alle, uanset erfaring eller niveau. Vi \u00f8nsker, at alle skal f\u00f8le sig velkomne og trygge ved brug af de dejlige faciliteter.<BR>Derudover holder vi 1 gang om m\u00e5neden saunagus med professionelle gusmestre. Vores professionelle gusmestre s\u00f8rger for en unik og forfriskende oplevelse, der kombinerer varme, velv\u00e6re og en fantastisk atmosf\u00e6re.<BR>Deltagelse kr\u00e6ver tilmelding og en betaling p\u00e5 40 kr for at vi kan sikre de tilmeldte m\u00f8der frem og ikke optager pladsen for et andet medlem.<BR>Vi h\u00e5ber selvf\u00f8lgelig at du vil v\u00e6lge vores klub og gl\u00e6der os til at byde dig velkommen i vores f\u00e6llesskab.\n<\/h2>\n\n\n\n<p><\/p>\n","protected":false},"excerpt":{"rendered":"<p>I Herning Vinterbadeklub er det valgfrit om man har badet\u00f8j p\u00e5 eller ej \u2013 men i saunaen skal man v\u00e6re tild\u00e6kket enten med badet\u00f8j eller et h\u00e5ndkl\u00e6de.Klubben er opst\u00e5et ud &hellip; <\/p>\n<p class=\"link-more\"><a href=\"https:\/\/herning-vinterbadeklub.dk\/?page_id=95\" class=\"more-link\">L\u00e6s mere<span class=\"screen-reader-text\"> \u201cOm Herning Vinterbadeklub\u201d<\/span><\/a><\/p>\n","protected":false},"author":1,"featured_media":0,"parent":0,"menu_order":0,"comment_status":"closed","ping_status":"closed","template":"","meta":{"inspiro_hide_title":false,"footnotes":""},"class_list":["post-95","page","type-page","status-publish","hentry"],"publishpress_future_action":{"enabled":false,"date":"2026-05-07 21:06:05","action":"change-status","newStatus":"draft","terms":[],"taxonomy":"","extraData":[]},"publishpress_future_workflow_manual_trigger":{"enabledWorkflows":[]},"_links":{"self":[{"href":"https:\/\/herning-vinterbadeklub.dk\/index.php?rest_route=\/wp\/v2\/pages\/95","targetHints":{"allow":["GET"]}}],"collection":[{"href":"https:\/\/herning-vinterbadeklub.dk\/index.php?rest_route=\/wp\/v2\/pages"}],"about":[{"href":"https:\/\/herning-vinterbadeklub.dk\/index.php?rest_route=\/wp\/v2\/types\/page"}],"author":[{"embeddable":true,"href":"https:\/\/herning-vinterbadeklub.dk\/index.php?rest_route=\/wp\/v2\/users\/1"}],"replies":[{"embeddable":true,"href":"https:\/\/herning-vinterbadeklub.dk\/index.php?rest_route=%2Fwp%2Fv2%2Fcomments&post=95"}],"version-history":[{"count":4,"href":"https:\/\/herning-vinterbadeklub.dk\/index.php?rest_route=\/wp\/v2\/pages\/95\/revisions"}],"predecessor-version":[{"id":418,"href":"https:\/\/herning-vinterbadeklub.dk\/index.php?rest_route=\/wp\/v2\/pages\/95\/revisions\/418"}],"wp:attachment":[{"href":"https:\/\/herning-vinterbadeklub.dk\/index.php?rest_route=%2Fwp%2Fv2%2Fmedia&parent=95"}],"curies":[{"name":"wp","href":"https:\/\/api.w.org\/{rel}","templated":true}]}}